{"id":934,"date":"2024-11-12T12:57:54","date_gmt":"2024-11-12T11:57:54","guid":{"rendered":"http:\/\/34.240.247.10\/servicios\/"},"modified":"2025-02-20T09:53:53","modified_gmt":"2025-02-20T08:53:53","slug":"servicos","status":"publish","type":"page","link":"https:\/\/www.armatum360.com\/pt-pt\/servicos\/","title":{"rendered":"Servi\u00e7os"},"content":{"rendered":"[vc_row type=&#8221;full_width_background&#8221; full_screen_row_position=&#8221;middle&#8221; column_margin=&#8221;default&#8221; column_direction=&#8221;default&#8221; column_direction_tablet=&#8221;default&#8221; column_direction_phone=&#8221;default&#8221; bg_image=&#8221;521&#8243; bg_position=&#8221;center center&#8221; background_image_loading=&#8221;skip-lazy-load&#8221; bg_repeat=&#8221;no-repeat&#8221; full_height=&#8221;yes&#8221; scene_position=&#8221;center&#8221; constrain_group_2=&#8221;yes&#8221; text_color=&#8221;light&#8221; text_align=&#8221;left&#8221; row_border_radius=&#8221;none&#8221; row_border_radius_applies=&#8221;inner&#8221; overflow=&#8221;visible&#8221; color_overlay=&#8221;#0a0a0a&#8221; overlay_strength=&#8221;0.5&#8243; gradient_direction=&#8221;left_to_right&#8221; shape_divider_position=&#8221;bottom&#8221; bg_image_animation=&#8221;zoom-out&#8221; mobile_disable_bg_image_animation=&#8221;true&#8221; parallax_bg=&#8221;true&#8221; parallax_bg_speed=&#8221;medium_fast&#8221; gradient_type=&#8221;default&#8221; shape_type=&#8221;&#8221;][vc_column bottom_padding_desktop=&#8221;40px&#8221; column_element_direction_desktop=&#8221;default&#8221; column_element_spacing=&#8221;default&#8221; desktop_text_alignment=&#8221;default&#8221; tablet_text_alignment=&#8221;default&#8221; phone_text_alignment=&#8221;default&#8221; background_color_opacity=&#8221;1&#8243; background_hover_color_opacity=&#8221;1&#8243; column_backdrop_filter=&#8221;none&#8221; column_shadow=&#8221;none&#8221; column_border_radius=&#8221;none&#8221; column_link_target=&#8221;_self&#8221; column_position=&#8221;default&#8221; gradient_direction=&#8221;left_to_right&#8221; overlay_strength=&#8221;0.3&#8243; width=&#8221;2\/5&#8243; tablet_width_inherit=&#8221;default&#8221; animation_type=&#8221;default&#8221; bg_image_animation=&#8221;none&#8221; border_type=&#8221;simple&#8221; column_border_width=&#8221;none&#8221; column_border_style=&#8221;solid&#8221; column_padding_type=&#8221;advanced&#8221; gradient_type=&#8221;default&#8221;][vc_custom_heading text=&#8221;SERVI\u00c7OS&#8221; font_container=&#8221;tag:h1|font_size:22|text_align:left|color:%23cdab3b|line_height:30px&#8221; use_theme_fonts=&#8221;yes&#8221; css=&#8221;&#8221;][vc_custom_heading text=&#8221;Com base nas suas necessidades, oferecemos 2 tipos de servi\u00e7os para a avalia\u00e7\u00e3o quantitativa do risco tecnol\u00f3gico. Todos eles s\u00e3o realizados remotamente atrav\u00e9s da plataforma Armatum, com o suporte de profissionais especializados no tratamento de ciberamea\u00e7as.&#8221; font_container=&#8221;tag:div|font_size:22|text_align:left|color:%23ffffff|line_height:30px&#8221; use_theme_fonts=&#8221;yes&#8221; css=&#8221;&#8221;][\/vc_column][vc_column column_padding=&#8221;no-extra-padding&#8221; column_padding_tablet=&#8221;inherit&#8221; column_padding_phone=&#8221;inherit&#8221; column_padding_position=&#8221;all&#8221; column_element_direction_desktop=&#8221;default&#8221; column_element_spacing=&#8221;default&#8221; desktop_text_alignment=&#8221;default&#8221; tablet_text_alignment=&#8221;default&#8221; phone_text_alignment=&#8221;default&#8221; background_color_opacity=&#8221;1&#8243; background_hover_color_opacity=&#8221;1&#8243; column_backdrop_filter=&#8221;none&#8221; column_shadow=&#8221;none&#8221; column_border_radius=&#8221;none&#8221; column_link_target=&#8221;_self&#8221; column_position=&#8221;default&#8221; gradient_direction=&#8221;left_to_right&#8221; overlay_strength=&#8221;0.3&#8243; width=&#8221;3\/5&#8243; tablet_width_inherit=&#8221;default&#8221; animation_type=&#8221;default&#8221; bg_image_animation=&#8221;none&#8221; border_type=&#8221;simple&#8221; column_border_width=&#8221;none&#8221; column_border_style=&#8221;solid&#8221;][\/vc_column][\/vc_row][vc_row type=&#8221;full_width_background&#8221; full_screen_row_position=&#8221;middle&#8221; column_margin=&#8221;default&#8221; equal_height=&#8221;yes&#8221; content_placement=&#8221;top&#8221; column_direction=&#8221;default&#8221; column_direction_tablet=&#8221;default&#8221; column_direction_phone=&#8221;default&#8221; bg_color=&#8221;#ffffff&#8221; scene_position=&#8221;center&#8221; top_padding=&#8221;150&#8243; bottom_padding=&#8221;150&#8243; top_margin=&#8221;-100&#8243; text_color=&#8221;dark&#8221; text_align=&#8221;left&#8221; row_border_radius=&#8221;custom&#8221; row_border_radius_applies=&#8221;bg&#8221; top_left_border_radius=&#8221;100&#8243; top_right_border_radius=&#8221;100&#8243; zindex=&#8221;999&#8243; overflow=&#8221;visible&#8221; overlay_strength=&#8221;0.3&#8243; gradient_direction=&#8221;left_to_right&#8221; shape_divider_position=&#8221;bottom&#8221; bg_image_animation=&#8221;none&#8221; gradient_type=&#8221;default&#8221; shape_type=&#8221;&#8221;][vc_column column_padding=&#8221;no-extra-padding&#8221; column_padding_tablet=&#8221;inherit&#8221; column_padding_phone=&#8221;inherit&#8221; column_padding_position=&#8221;all&#8221; column_element_direction_desktop=&#8221;default&#8221; column_element_spacing=&#8221;default&#8221; desktop_text_alignment=&#8221;default&#8221; tablet_text_alignment=&#8221;default&#8221; phone_text_alignment=&#8221;default&#8221; background_color_opacity=&#8221;1&#8243; background_hover_color_opacity=&#8221;1&#8243; column_backdrop_filter=&#8221;none&#8221; column_shadow=&#8221;none&#8221; column_border_radius=&#8221;none&#8221; column_link_target=&#8221;_self&#8221; column_position=&#8221;default&#8221; gradient_direction=&#8221;left_to_right&#8221; overlay_strength=&#8221;0.3&#8243; width=&#8221;3\/5&#8243; tablet_width_inherit=&#8221;default&#8221; animation_type=&#8221;default&#8221; bg_image_animation=&#8221;none&#8221; border_type=&#8221;simple&#8221; column_border_width=&#8221;none&#8221; column_border_style=&#8221;solid&#8221;][vc_custom_heading text=&#8221;MODALIDADES&#8221; font_container=&#8221;tag:h2|font_size:22|text_align:left|color:%23cdab3b|line_height:30px&#8221; use_theme_fonts=&#8221;yes&#8221; css=&#8221;&#8221;][vc_row_inner column_margin=&#8221;default&#8221; column_direction=&#8221;default&#8221; column_direction_tablet=&#8221;default&#8221; column_direction_phone=&#8221;default&#8221; text_align=&#8221;left&#8221; row_position=&#8221;default&#8221; row_position_tablet=&#8221;inherit&#8221; row_position_phone=&#8221;inherit&#8221; overflow=&#8221;visible&#8221; pointer_events=&#8221;all&#8221; el_id=&#8221;modalidades&#8221;][vc_column_inner column_padding=&#8221;padding-4-percent&#8221; column_padding_tablet=&#8221;inherit&#8221; column_padding_phone=&#8221;inherit&#8221; column_padding_position=&#8221;all&#8221; column_element_direction_desktop=&#8221;default&#8221; column_element_spacing=&#8221;default&#8221; desktop_text_alignment=&#8221;default&#8221; tablet_text_alignment=&#8221;default&#8221; phone_text_alignment=&#8221;default&#8221; background_color_opacity=&#8221;1&#8243; background_hover_color_opacity=&#8221;1&#8243; background_image=&#8221;43&#8243; background_image_position=&#8221;center center&#8221; background_image_stacking=&#8221;default&#8221; enable_bg_scale=&#8221;true&#8221; background_image_loading=&#8221;default&#8221; column_backdrop_filter=&#8221;none&#8221; column_shadow=&#8221;none&#8221; column_border_radius=&#8221;20px&#8221; column_link_target=&#8221;_self&#8221; overflow=&#8221;visible&#8221; color_overlay=&#8221;rgba(29,29,27,0.65)&#8221; color_overlay_2=&#8221;rgba(29,29,27,0.01)&#8221; gradient_direction=&#8221;top_to_bottom&#8221; overlay_strength=&#8221;0.3&#8243; width=&#8221;1\/3&#8243; tablet_width_inherit=&#8221;default&#8221; animation_type=&#8221;default&#8221; bg_image_animation=&#8221;none&#8221; border_type=&#8221;simple&#8221; column_border_width=&#8221;1px&#8221; column_border_color=&#8221;#cdab3b&#8221; column_border_style=&#8221;solid&#8221; column_padding_type=&#8221;default&#8221; gradient_type=&#8221;default&#8221;][vc_raw_html css=&#8221;&#8221;]JTNDZGl2JTIwY2xhc3MlM0QlMjJjZXJyYXIlMjIlM0UlM0MlMkZkaXYlM0U=[\/vc_raw_html][nectar_highlighted_text text_color=&#8221;#ffffff&#8221; style=&#8221;none&#8221; text_direction=&#8221;default&#8221; custom_font_size=&#8221;40&#8243; font_line_height=&#8221;50px&#8221;]\n<h3 style=\"font-weight: 300;\">Armantum<strong><br \/>\nLite<\/strong><\/h3>\n[\/nectar_highlighted_text][nectar_responsive_text inherited_font_style=&#8221;default&#8221; text_color=&#8221;#ffffff&#8221; text_direction=&#8221;default&#8221; class_name=&#8221;descripcion&#8221; font_size_desktop=&#8221;16&#8243; font_line_height=&#8221;24px&#8221;]Um servi\u00e7o ONE SHOT<\/p>\n<ul>\n<li>Uso \u00fanico<\/li>\n<li>Recomendado para PMEs<\/li>\n<li>Um \u00fanico ativo\/amea\u00e7a<\/li>\n<li>56 controles<\/li>\n<\/ul>\n[\/nectar_responsive_text][nectar_cta btn_style=&#8221;arrow-animation&#8221; heading_tag=&#8221;h4&#8243; button_color=&#8221;default&#8221; button_color_hover=&#8221;#cdab3b&#8221; text_color=&#8221;#cdab3b&#8221; text_color_hover=&#8221;#ffffff&#8221; button_border_color=&#8221;#cdab3b&#8221; button_border_thickness=&#8221;1px&#8221; link_type=&#8221;regular&#8221; alignment=&#8221;right&#8221; alignment_tablet=&#8221;default&#8221; alignment_phone=&#8221;default&#8221; display=&#8221;block&#8221; display_tablet=&#8221;inherit&#8221; display_phone=&#8221;inherit&#8221; link_text=&#8221;Contratar&#8221; padding_top=&#8221;20&#8243; padding_right=&#8221;40&#8243; padding_bottom=&#8221;20&#8243; padding_left=&#8221;40&#8243; margin_bottom=&#8221;20&#8243; margin_top=&#8221;40&#8243; class=&#8221;boton01 contratar&#8221; url=&#8221;\/pt-pt\/contato\/&#8221;][divider line_type=&#8221;No Line&#8221; custom_height=&#8221;100&#8243;][nectar_cta btn_style=&#8221;arrow-animation&#8221; heading_tag=&#8221;h4&#8243; button_color=&#8221;default&#8221; button_color_hover=&#8221;#cdab3b&#8221; text_color=&#8221;#cdab3b&#8221; text_color_hover=&#8221;#ffffff&#8221; button_border_color=&#8221;#cdab3b&#8221; button_border_thickness=&#8221;1px&#8221; link_type=&#8221;regular&#8221; alignment=&#8221;center&#8221; alignment_tablet=&#8221;default&#8221; alignment_phone=&#8221;default&#8221; display=&#8221;block&#8221; display_tablet=&#8221;inherit&#8221; display_phone=&#8221;inherit&#8221; link_text=&#8221;Saber mais&#8221; padding_top=&#8221;20&#8243; padding_right=&#8221;40&#8243; padding_bottom=&#8221;20&#8243; padding_left=&#8221;40&#8243; margin_bottom=&#8221;20&#8243; margin_top=&#8221;40&#8243; class=&#8221;boton01 trigger-modalidad&#8221;][\/vc_column_inner][vc_column_inner column_padding=&#8221;padding-4-percent&#8221; column_padding_tablet=&#8221;inherit&#8221; column_padding_phone=&#8221;inherit&#8221; column_padding_position=&#8221;all&#8221; column_element_direction_desktop=&#8221;default&#8221; column_element_spacing=&#8221;default&#8221; desktop_text_alignment=&#8221;default&#8221; tablet_text_alignment=&#8221;default&#8221; phone_text_alignment=&#8221;default&#8221; background_color_opacity=&#8221;1&#8243; background_hover_color_opacity=&#8221;1&#8243; background_image=&#8221;44&#8243; background_image_position=&#8221;center center&#8221; background_image_stacking=&#8221;default&#8221; enable_bg_scale=&#8221;true&#8221; background_image_loading=&#8221;default&#8221; column_backdrop_filter=&#8221;none&#8221; column_shadow=&#8221;none&#8221; column_border_radius=&#8221;20px&#8221; column_link_target=&#8221;_self&#8221; overflow=&#8221;visible&#8221; enable_gradient=&#8221;true&#8221; color_overlay=&#8221;rgba(29,29,27,0.7)&#8221; color_overlay_2=&#8221;rgba(29,29,27,0.3)&#8221; gradient_direction=&#8221;top_to_bottom&#8221; overlay_strength=&#8221;0.3&#8243; width=&#8221;1\/3&#8243; tablet_width_inherit=&#8221;default&#8221; animation_type=&#8221;default&#8221; bg_image_animation=&#8221;none&#8221; border_type=&#8221;simple&#8221; column_border_width=&#8221;1px&#8221; column_border_color=&#8221;#cdab3b&#8221; column_border_style=&#8221;solid&#8221; column_padding_type=&#8221;default&#8221; gradient_type=&#8221;default&#8221;][vc_raw_html css=&#8221;&#8221;]JTNDZGl2JTIwY2xhc3MlM0QlMjJjZXJyYXIlMjIlM0UlM0MlMkZkaXYlM0U=[\/vc_raw_html][nectar_highlighted_text text_color=&#8221;#ffffff&#8221; style=&#8221;none&#8221; text_direction=&#8221;default&#8221; custom_font_size=&#8221;40&#8243; font_line_height=&#8221;50px&#8221;]\n<h3 style=\"font-weight: 300;\">Armantum<strong><br \/>\n360<\/strong><\/h3>\n[\/nectar_highlighted_text][nectar_responsive_text inherited_font_style=&#8221;default&#8221; text_color=&#8221;#ffffff&#8221; text_direction=&#8221;default&#8221; class_name=&#8221;descripcion&#8221; font_size_desktop=&#8221;16&#8243; font_line_height=&#8221;24px&#8221;]Assinatura anual<\/p>\n<ul>\n<li>An\u00e1lise comparativa e evolutiva<\/li>\n<li>4 testes substantivos externos por ano<\/li>\n<li>153 controles<\/li>\n<li>Sem limita\u00e7\u00f5es de uso<\/li>\n<li>Sem limita\u00e7\u00f5es de ativos\/amea\u00e7as<\/li>\n<\/ul>\n[\/nectar_responsive_text][nectar_cta btn_style=&#8221;arrow-animation&#8221; heading_tag=&#8221;h4&#8243; button_color=&#8221;default&#8221; button_color_hover=&#8221;#cdab3b&#8221; text_color=&#8221;#cdab3b&#8221; text_color_hover=&#8221;#ffffff&#8221; button_border_color=&#8221;#cdab3b&#8221; button_border_thickness=&#8221;1px&#8221; link_type=&#8221;regular&#8221; alignment=&#8221;right&#8221; alignment_tablet=&#8221;default&#8221; alignment_phone=&#8221;default&#8221; display=&#8221;block&#8221; display_tablet=&#8221;inherit&#8221; display_phone=&#8221;inherit&#8221; link_text=&#8221;Contratar&#8221; padding_top=&#8221;20&#8243; padding_right=&#8221;40&#8243; padding_bottom=&#8221;20&#8243; padding_left=&#8221;40&#8243; margin_bottom=&#8221;20&#8243; margin_top=&#8221;40&#8243; class=&#8221;boton01 contratar&#8221; url=&#8221;\/pt-pt\/contato\/&#8221;][divider line_type=&#8221;No Line&#8221; custom_height=&#8221;100&#8243;][nectar_cta btn_style=&#8221;arrow-animation&#8221; heading_tag=&#8221;h4&#8243; button_color=&#8221;default&#8221; button_color_hover=&#8221;#cdab3b&#8221; text_color=&#8221;#cdab3b&#8221; text_color_hover=&#8221;#ffffff&#8221; button_border_color=&#8221;#cdab3b&#8221; button_border_thickness=&#8221;1px&#8221; link_type=&#8221;regular&#8221; alignment=&#8221;center&#8221; alignment_tablet=&#8221;default&#8221; alignment_phone=&#8221;default&#8221; display=&#8221;block&#8221; display_tablet=&#8221;inherit&#8221; display_phone=&#8221;inherit&#8221; link_text=&#8221;Saber mais&#8221; padding_top=&#8221;20&#8243; padding_right=&#8221;40&#8243; padding_bottom=&#8221;20&#8243; padding_left=&#8221;40&#8243; margin_bottom=&#8221;20&#8243; margin_top=&#8221;40&#8243; class=&#8221;boton01 trigger-modalidad&#8221;][\/vc_column_inner][vc_column_inner column_padding=&#8221;padding-4-percent&#8221; column_padding_tablet=&#8221;inherit&#8221; column_padding_phone=&#8221;inherit&#8221; column_padding_position=&#8221;all&#8221; column_element_direction_desktop=&#8221;default&#8221; column_element_spacing=&#8221;default&#8221; desktop_text_alignment=&#8221;default&#8221; tablet_text_alignment=&#8221;default&#8221; phone_text_alignment=&#8221;default&#8221; background_color_opacity=&#8221;1&#8243; background_hover_color_opacity=&#8221;1&#8243; background_image=&#8221;45&#8243; background_image_position=&#8221;center center&#8221; background_image_stacking=&#8221;default&#8221; enable_bg_scale=&#8221;true&#8221; background_image_loading=&#8221;default&#8221; column_backdrop_filter=&#8221;none&#8221; column_shadow=&#8221;none&#8221; column_border_radius=&#8221;20px&#8221; column_link_target=&#8221;_self&#8221; overflow=&#8221;visible&#8221; el_class=&#8221;armatum-canal&#8221; gradient_direction=&#8221;left_to_right&#8221; overlay_strength=&#8221;0.3&#8243; width=&#8221;1\/3&#8243; tablet_width_inherit=&#8221;default&#8221; animation_type=&#8221;default&#8221; bg_image_animation=&#8221;none&#8221; border_type=&#8221;simple&#8221; column_border_width=&#8221;1px&#8221; column_border_color=&#8221;#cdab3b&#8221; column_border_style=&#8221;solid&#8221; column_padding_type=&#8221;default&#8221; gradient_type=&#8221;default&#8221;][vc_raw_html css=&#8221;&#8221;]JTNDZGl2JTIwY2xhc3MlM0QlMjJjZXJyYXIlMjIlM0UlM0MlMkZkaXYlM0U=[\/vc_raw_html][nectar_highlighted_text text_color=&#8221;#ffffff&#8221; style=&#8221;none&#8221; text_direction=&#8221;default&#8221; custom_font_size=&#8221;40&#8243; font_line_height=&#8221;50px&#8221;]\n<h3 style=\"font-weight: 300;\">Armantum<strong><br \/>\nCanal<\/strong><\/h3>\n[\/nectar_highlighted_text][nectar_responsive_text inherited_font_style=&#8221;default&#8221; text_color=&#8221;#ffffff&#8221; font_size_desktop=&#8221;16&#8243; font_line_height=&#8221;24px&#8221; text_direction=&#8221;default&#8221; class_name=&#8221;descripcion&#8221;]Escreva-nos aqui se deseja se tornar um parceiro do canal Armatum e entraremos em contato rapidamente.[\/nectar_responsive_text][nectar_cta btn_style=&#8221;arrow-animation&#8221; heading_tag=&#8221;h4&#8243; button_color=&#8221;default&#8221; button_color_hover=&#8221;#cdab3b&#8221; text_color=&#8221;#cdab3b&#8221; text_color_hover=&#8221;#ffffff&#8221; button_border_color=&#8221;#cdab3b&#8221; button_border_thickness=&#8221;1px&#8221; link_type=&#8221;regular&#8221; alignment=&#8221;left&#8221; alignment_tablet=&#8221;default&#8221; alignment_phone=&#8221;default&#8221; display=&#8221;block&#8221; display_tablet=&#8221;inherit&#8221; display_phone=&#8221;inherit&#8221; link_text=&#8221;Entre em contato&#8221; padding_top=&#8221;20&#8243; padding_right=&#8221;40&#8243; padding_bottom=&#8221;20&#8243; padding_left=&#8221;40&#8243; margin_bottom=&#8221;20&#8243; margin_top=&#8221;40&#8243; class=&#8221;boton01 contratar&#8221; url=&#8221;\/pt-pt\/contato\/&#8221;][divider line_type=&#8221;No Line&#8221; custom_height=&#8221;100&#8243;][nectar_cta btn_style=&#8221;arrow-animation&#8221; heading_tag=&#8221;h4&#8243; button_color=&#8221;default&#8221; button_color_hover=&#8221;#cdab3b&#8221; text_color=&#8221;#cdab3b&#8221; text_color_hover=&#8221;#ffffff&#8221; button_border_color=&#8221;#cdab3b&#8221; button_border_thickness=&#8221;1px&#8221; link_type=&#8221;regular&#8221; alignment=&#8221;center&#8221; alignment_tablet=&#8221;default&#8221; alignment_phone=&#8221;default&#8221; display=&#8221;block&#8221; display_tablet=&#8221;inherit&#8221; display_phone=&#8221;inherit&#8221; link_text=&#8221;Saber mais&#8221; padding_top=&#8221;20&#8243; padding_right=&#8221;40&#8243; padding_bottom=&#8221;20&#8243; padding_left=&#8221;40&#8243; margin_bottom=&#8221;20&#8243; margin_top=&#8221;40&#8243; class=&#8221;boton01 trigger-modalidad&#8221;][\/vc_column_inner][\/vc_row_inner][\/vc_column][vc_column top_padding_desktop=&#8221;60&#8243; top_padding_tablet=&#8221;20&#8243; column_element_direction_desktop=&#8221;default&#8221; column_element_spacing=&#8221;default&#8221; desktop_text_alignment=&#8221;default&#8221; tablet_text_alignment=&#8221;default&#8221; phone_text_alignment=&#8221;default&#8221; background_color_opacity=&#8221;1&#8243; background_hover_color_opacity=&#8221;1&#8243; column_backdrop_filter=&#8221;none&#8221; column_shadow=&#8221;none&#8221; column_border_radius=&#8221;none&#8221; column_link_target=&#8221;_self&#8221; column_position=&#8221;default&#8221; gradient_direction=&#8221;left_to_right&#8221; overlay_strength=&#8221;0.3&#8243; width=&#8221;2\/5&#8243; tablet_width_inherit=&#8221;default&#8221; animation_type=&#8221;default&#8221; bg_image_animation=&#8221;none&#8221; border_type=&#8221;simple&#8221; column_border_width=&#8221;none&#8221; column_border_style=&#8221;solid&#8221; column_padding_type=&#8221;advanced&#8221; gradient_type=&#8221;default&#8221;][vc_custom_heading text=&#8221;Nossos<br \/>\nservi\u00e7os&#8221; font_container=&#8221;tag:h2|font_size:80|text_align:right|color:rgba(205%2C171%2C59%2C0.5)|line_height:88px&#8221; use_theme_fonts=&#8221;yes&#8221; css=&#8221;&#8221;][\/vc_column][\/vc_row][vc_row type=&#8221;in_container&#8221; full_screen_row_position=&#8221;middle&#8221; column_margin=&#8221;default&#8221; column_direction=&#8221;default&#8221; column_direction_tablet=&#8221;default&#8221; column_direction_phone=&#8221;default&#8221; scene_position=&#8221;center&#8221; text_color=&#8221;dark&#8221; text_align=&#8221;left&#8221; row_border_radius=&#8221;none&#8221; row_border_radius_applies=&#8221;bg&#8221; overflow=&#8221;visible&#8221; overlay_strength=&#8221;0.3&#8243; gradient_direction=&#8221;left_to_right&#8221; shape_divider_position=&#8221;bottom&#8221; bg_image_animation=&#8221;none&#8221;][vc_column column_padding=&#8221;no-extra-padding&#8221; column_padding_tablet=&#8221;inherit&#8221; column_padding_phone=&#8221;inherit&#8221; column_padding_position=&#8221;all&#8221; column_element_direction_desktop=&#8221;default&#8221; column_element_spacing=&#8221;default&#8221; desktop_text_alignment=&#8221;default&#8221; tablet_text_alignment=&#8221;default&#8221; phone_text_alignment=&#8221;default&#8221; background_color_opacity=&#8221;1&#8243; background_hover_color_opacity=&#8221;1&#8243; column_backdrop_filter=&#8221;none&#8221; column_shadow=&#8221;none&#8221; column_border_radius=&#8221;none&#8221; column_link_target=&#8221;_self&#8221; column_position=&#8221;default&#8221; gradient_direction=&#8221;left_to_right&#8221; overlay_strength=&#8221;0.3&#8243; width=&#8221;1\/1&#8243; tablet_width_inherit=&#8221;default&#8221; animation_type=&#8221;default&#8221; bg_image_animation=&#8221;none&#8221; border_type=&#8221;simple&#8221; column_border_width=&#8221;none&#8221; column_border_style=&#8221;solid&#8221;][nectar_global_section id=&#8221;56&#8243;][\/vc_column][\/vc_row]\n","protected":false},"excerpt":{"rendered":"<p>[vc_row type=&#8221;full_width_background&#8221; full_screen_row_position=&#8221;middle&#8221; column_margin=&#8221;default&#8221; column_direction=&#8221;default&#8221; column_direction_tablet=&#8221;default&#8221; column_direction_phone=&#8221;default&#8221; bg_image=&#8221;521&#8243; bg_position=&#8221;center center&#8221; background_image_loading=&#8221;skip-lazy-load&#8221; bg_repeat=&#8221;no-repeat&#8221; full_height=&#8221;yes&#8221; scene_position=&#8221;center&#8221; constrain_group_2=&#8221;yes&#8221; text_color=&#8221;light&#8221; text_align=&#8221;left&#8221; row_border_radius=&#8221;none&#8221; row_border_radius_applies=&#8221;inner&#8221; overflow=&#8221;visible&#8221; color_overlay=&#8221;#0a0a0a&#8221; overlay_strength=&#8221;0.5&#8243; gradient_direction=&#8221;left_to_right&#8221; shape_divider_position=&#8221;bottom&#8221; bg_image_animation=&#8221;zoom-out&#8221; mobile_disable_bg_image_animation=&#8221;true&#8221; parallax_bg=&#8221;true&#8221; parallax_bg_speed=&#8221;medium_fast&#8221; gradient_type=&#8221;default&#8221; shape_type=&#8221;&#8221;][vc_column&#8230;<\/p>\n","protected":false},"author":2,"featured_media":0,"parent":0,"menu_order":0,"comment_status":"closed","ping_status":"closed","template":"","meta":{"footnotes":""},"class_list":["post-934","page","type-page","status-publish"],"_links":{"self":[{"href":"https:\/\/www.armatum360.com\/pt-pt\/wp-json\/wp\/v2\/pages\/934","targetHints":{"allow":["GET"]}}],"collection":[{"href":"https:\/\/www.armatum360.com\/pt-pt\/wp-json\/wp\/v2\/pages"}],"about":[{"href":"https:\/\/www.armatum360.com\/pt-pt\/wp-json\/wp\/v2\/types\/page"}],"author":[{"embeddable":true,"href":"https:\/\/www.armatum360.com\/pt-pt\/wp-json\/wp\/v2\/users\/2"}],"replies":[{"embeddable":true,"href":"https:\/\/www.armatum360.com\/pt-pt\/wp-json\/wp\/v2\/comments?post=934"}],"version-history":[{"count":7,"href":"https:\/\/www.armatum360.com\/pt-pt\/wp-json\/wp\/v2\/pages\/934\/revisions"}],"predecessor-version":[{"id":1280,"href":"https:\/\/www.armatum360.com\/pt-pt\/wp-json\/wp\/v2\/pages\/934\/revisions\/1280"}],"wp:attachment":[{"href":"https:\/\/www.armatum360.com\/pt-pt\/wp-json\/wp\/v2\/media?parent=934"}],"curies":[{"name":"wp","href":"https:\/\/api.w.org\/{rel}","templated":true}]}}